{"id":4386,"date":"2022-11-24T09:57:20","date_gmt":"2022-11-24T08:57:20","guid":{"rendered":"https:\/\/saunalorrainebad.ch\/actuel\/"},"modified":"2025-07-07T14:13:26","modified_gmt":"2025-07-07T13:13:26","slug":"actuel","status":"publish","type":"page","link":"https:\/\/saunalorrainebad.ch\/fr\/actuel\/","title":{"rendered":"Actuel"},"content":{"rendered":"<h5><span style=\"color: #24a7cf;\"><strong>Maintenant Actuel<\/strong><\/span><\/h5>\n<ul>\n<li><span style=\"color: #24a7cf;\">Culinaire.<\/span> Jusqu&rsquo;\u00e0 la fin du mois de f\u00e9vrier, la <strong><a href=\"https:\/\/www.burgunderbar.ch\/lorrainebad\" target=\"_blank\" rel=\"noopener\">buvette d&rsquo;hiver<\/a><\/strong> de la piscine de la Lorraine est ouverte du jeudi au dimanche. Y aura-t-il \u00e0 nouveau des \u00ab\u00a0raclette dogs\u00a0\u00bb ? Le mieux est d&rsquo;y aller avant ou apr\u00e8s votre visite au sauna.  <\/li>\n<li><span style=\"color: #24a7cf;\">Un sauna pour le petit d\u00e9jeuner ?<\/span> Exceptionnellement, nous ouvrons le <strong>dimanche 22 janvier \u00e0 partir de 9h00<\/strong>.<\/li>\n<li>Pendant la saison des saunas et au-del\u00e0, nous vous informons toujours des nouveaut\u00e9s importantes par le biais d&rsquo;une <strong>newsletter<\/strong>. Si vous ne l&rsquo;avez pas encore fait, vous pouvez <a href=\"https:\/\/saunalorrainebad.ch\/fr\/?page_id=4264\">vous inscrire ici<\/a>. Vous trouverez les derni\u00e8res newsletters dans notre barre lat\u00e9rale \u00e0 droite.\n<\/li>\n<\/ul>\n","protected":false},"excerpt":{"rendered":"<p>Maintenant Actuel Culinaire. Jusqu&rsquo;\u00e0 la fin du mois de f\u00e9vrier, la buvette d&rsquo;hiver de la piscine de la Lorraine est ouverte du jeudi au dimanche. Y aura-t-il \u00e0 nouveau des \u00ab\u00a0raclette dogs\u00a0\u00bb ? Le mieux est d&rsquo;y aller avant ou apr\u00e8s votre visite au sauna. Un sauna pour le petit \u2026<\/p>\n","protected":false},"author":2,"featured_media":0,"parent":0,"menu_order":0,"comment_status":"closed","ping_status":"closed","template":"","meta":{"footnotes":""},"class_list":["post-4386","page","type-page","status-publish","hentry"],"_links":{"self":[{"href":"https:\/\/saunalorrainebad.ch\/fr\/wp-json\/wp\/v2\/pages\/4386","targetHints":{"allow":["GET"]}}],"collection":[{"href":"https:\/\/saunalorrainebad.ch\/fr\/wp-json\/wp\/v2\/pages"}],"about":[{"href":"https:\/\/saunalorrainebad.ch\/fr\/wp-json\/wp\/v2\/types\/page"}],"author":[{"embeddable":true,"href":"https:\/\/saunalorrainebad.ch\/fr\/wp-json\/wp\/v2\/users\/2"}],"replies":[{"embeddable":true,"href":"https:\/\/saunalorrainebad.ch\/fr\/wp-json\/wp\/v2\/comments?post=4386"}],"version-history":[{"count":1,"href":"https:\/\/saunalorrainebad.ch\/fr\/wp-json\/wp\/v2\/pages\/4386\/revisions"}],"predecessor-version":[{"id":4387,"href":"https:\/\/saunalorrainebad.ch\/fr\/wp-json\/wp\/v2\/pages\/4386\/revisions\/4387"}],"wp:attachment":[{"href":"https:\/\/saunalorrainebad.ch\/fr\/wp-json\/wp\/v2\/media?parent=4386"}],"curies":[{"name":"wp","href":"https:\/\/api.w.org\/{rel}","templated":true}]}}