{"id":4367,"date":"2017-11-17T01:11:17","date_gmt":"2017-11-17T00:11:17","guid":{"rendered":"https:\/\/saunalorrainebad.ch\/valeurs\/"},"modified":"2026-04-03T11:00:10","modified_gmt":"2026-04-03T10:00:10","slug":"valeurs","status":"publish","type":"page","link":"https:\/\/saunalorrainebad.ch\/fr\/valeurs\/","title":{"rendered":"Valeurs"},"content":{"rendered":"<p>Au sauna Lorrainebad, la chaleur, l&rsquo;Aar et les gens se rencontrent. En tant qu&rsquo;association, nous c\u00e9l\u00e9brons le sauna communautaire et naturel. Nous souhaitons cr\u00e9er un lieu o\u00f9 tout le monde se sent bienvenu*e et respect\u00e9*e. C&rsquo;est ainsi que nous voulons partager et vivre notre sauna avec vous.<br \/>\n&nbsp;<\/p>\n<h5><span style=\"color: #24a7cf;\">Nous sommes une association<\/span><\/h5>\n<p>Le sauna Lorrainebad est g\u00e9r\u00e9 par l&rsquo;association Sauna Lorrainebad. Elle s&rsquo;engage pour la culture du sauna au bord de l&rsquo;Aar et pour un lieu de d\u00e9tente et de rencontre, conform\u00e9ment aux valeurs de notre charte : <\/p>\n<blockquote><p>Le sauna Lorrainebad est un lieu de d\u00e9tente et de rencontre.Il est ouvert \u00e0 toutes et tous. Nous souhaitons \u00eatre un lieu libre de toute discrimination et attendons de nos visiteurs*euses qu\u2019ils*elles se comportent de mani\u00e8re respectueuse et attentionn\u00e9e envers les autres ainsi qu\u2019envers l\u2019espace du sauna. Si vous vous sentez, d\u2019une mani\u00e8re ou d\u2019une autre, mal \u00e0 l\u2019aise ou si vous observez quelque chose qui va \u00e0 l\u2019encontre de ces principes, veuillez vous adresser \u00e0 l\u2019\u00e9quipe du Sauna Lorrainebad.<br \/>\nNous pr\u00f4nons une exp\u00e9rience de sauna proche de la nature et partag\u00e9e en commun, nous misons sur la durabilit\u00e9 et la cr\u00e9ation de valeur r\u00e9gionale \u2013 sauf pour les Snickers.<br \/>\nNous vous souhaitons beaucoup de plaisir au sauna,<br \/>\nVotre \u00e9quipe du Sauna Lorrainebad   <\/p><\/blockquote>\n<p>&nbsp;<\/p>\n<p>L&rsquo;association Sauna Lorrainebad est actuellement compos\u00e9e de 30 personnes qui s&rsquo;engagent avec enthousiasme pour offrir des s\u00e9ances de sauna accessibles \u00e0 toutes et tous au bord de notre ch\u00e8re Aar. (photo non exhaustive)<br \/>\n<center><img decoding=\"async\" src=\"https:\/\/saunalorrainebad.ch\/wp-content\/uploads\/2026\/02\/Sauna_Crew_25-scaled.png\" alt=\"Les personnes de l'association dans le sauna Lorrainebad\"><\/p>\n<p><\/center><br \/>\n&nbsp;<\/p>\n<h5><span style=\"color: #24a7cf;\">Votre soutien<\/span><\/h5>\n<p>Soutenez-nous en tant que visiteur*euse, profitez de notre <strong>offre <\/strong>et contribuez, par votre entr\u00e9e, \u00e0 ce que le sauna Lorrainebad existe encore longtemps. Merci de tout c\u0153ur !<br \/>\n&nbsp;<\/p>\n<h5><span style=\"color: #24a7cf;\">Coordonn\u00e9es bancaires<\/span><\/h5>\n<p>Coordonn\u00e9es du compte | IBAN CH20 0900 0000 6114 3918 9, Sauna Lorrainebad, 3013 Berne<\/center><br \/>\n&nbsp;<\/p>\n<h5><span style=\"color: #24a7cf;\">Intranet<\/span><\/h5>\n<p><a href=\"https:\/\/saunalorrainebad.ch\/fr\/intranet\/\">Acc\u00e9der au domaine interne (prot\u00e9g\u00e9 par un mot de passe)<\/a>.<\/p>\n","protected":false},"excerpt":{"rendered":"<p>Au sauna Lorrainebad, la chaleur, l&rsquo;Aar et les gens se rencontrent. En tant qu&rsquo;association, nous c\u00e9l\u00e9brons le sauna communautaire et naturel. Nous souhaitons cr\u00e9er un lieu o\u00f9 tout le monde se sent bienvenu*e et respect\u00e9*e. C&rsquo;est ainsi que nous voulons partager et vivre notre sauna avec vous. &nbsp; Nous sommes \u2026<\/p>\n","protected":false},"author":2,"featured_media":0,"parent":0,"menu_order":0,"comment_status":"closed","ping_status":"closed","template":"","meta":{"footnotes":""},"class_list":["post-4367","page","type-page","status-publish","hentry"],"_links":{"self":[{"href":"https:\/\/saunalorrainebad.ch\/fr\/wp-json\/wp\/v2\/pages\/4367","targetHints":{"allow":["GET"]}}],"collection":[{"href":"https:\/\/saunalorrainebad.ch\/fr\/wp-json\/wp\/v2\/pages"}],"about":[{"href":"https:\/\/saunalorrainebad.ch\/fr\/wp-json\/wp\/v2\/types\/page"}],"author":[{"embeddable":true,"href":"https:\/\/saunalorrainebad.ch\/fr\/wp-json\/wp\/v2\/users\/2"}],"replies":[{"embeddable":true,"href":"https:\/\/saunalorrainebad.ch\/fr\/wp-json\/wp\/v2\/comments?post=4367"}],"version-history":[{"count":3,"href":"https:\/\/saunalorrainebad.ch\/fr\/wp-json\/wp\/v2\/pages\/4367\/revisions"}],"predecessor-version":[{"id":4974,"href":"https:\/\/saunalorrainebad.ch\/fr\/wp-json\/wp\/v2\/pages\/4367\/revisions\/4974"}],"wp:attachment":[{"href":"https:\/\/saunalorrainebad.ch\/fr\/wp-json\/wp\/v2\/media?parent=4367"}],"curies":[{"name":"wp","href":"https:\/\/api.w.org\/{rel}","templated":true}]}}