{"id":4352,"date":"2017-11-17T01:11:34","date_gmt":"2017-11-17T00:11:34","guid":{"rendered":"https:\/\/saunalorrainebad.ch\/offre\/"},"modified":"2026-04-03T11:46:30","modified_gmt":"2026-04-03T10:46:30","slug":"offre","status":"publish","type":"page","link":"https:\/\/saunalorrainebad.ch\/fr\/offre\/","title":{"rendered":"Offre"},"content":{"rendered":"<h5><span style=\"color: #24a7cf;\"><strong>Sauna<\/strong><\/span><\/h5>\n<p>Sauna public en plein air \u00e0 Berne, dans le Lorrainebad, au bord de l&rsquo;Aar <a href=\"https:\/\/saunalorrainebad.ch\/fr\/arrivee\/\">(plan d&rsquo;acc\u00e8s<\/a>). Espace sauna rustique avec 2 yourtes de sauna (po\u00eale \u00e0 bois), yourte d&rsquo;accueil, de s\u00e9jour et de repos, ainsi que d\u2019autres possibilit\u00e9s de s\u00e9jour et de repos \u00e0 l&rsquo;ext\u00e9rieur, 1 douche d&rsquo;eau chaude, 2 WC et vestiaire unisexe.<br \/>\nNotre sauna se caract\u00e9rise par des L\u00f6ylys (la vapeur chaude qui s\u2019\u00e9chappe des pierres, selon les envies des personnes pr\u00e9sentes dans le sauna) qui font transpirer \u00e0 la lumi\u00e8re du feu de po\u00eale \u00e0 bois cr\u00e9pitant.<br \/>\nOuverture : De d\u00e9but novembre \u00e0 fin mars. <\/p>\n<h5><span style=\"color: #24a7cf;\"><strong>\u00c0 apporter<\/strong><\/span><\/h5>\n<ul>\n<li>Vous devez apporter <strong>2 linges propres <\/strong>(1x serviette non synth\u00e9tique pour le sauna, 1x serviette pour les lieux communs de repos).<\/li>\n<li>Apportez vos propres <strong>chaussures et manteau de bain<\/strong> si n\u00e9cessaire.<\/li>\n<li><strong>Maillot de bain <\/strong>ou <strong>kilt de sauna <\/strong>si vous souhaitez les utiliser dans le sauna (vous pouvez choisir d\u2019\u00eatre nu*e ou de porter un textile) \u2013 \u00e9vitez de porter des tissus synth\u00e9tiques dans le sauna.<\/li>\n<li>Si vous le souhaitez, vous pouvez apporter un petit <strong>cadenas<\/strong> pour fermer votre casier dans les vestiaires.<\/li>\n<\/ul>\n<h5><span style=\"color: #24a7cf;\"><strong>Heures d&rsquo;ouverture<\/strong><\/span><\/h5>\n<ul>\n<li>Lundi (= journ\u00e9e FINTA*): 10h00 \u2013 21h30<\/li>\n<li>Mardi : 10h00 \u2013 21h30<\/li>\n<li>Mercredi : ferm\u00e9, pas d\u2019activit\u00e9<\/li>\n<li>Jeudi : 10h00 \u2013 21h30<\/li>\n<li>Vendredi : 10h00 \u2013 21h30<\/li>\n<li>Samedi : 09h00 \u2013 21h30<\/li>\n<li>Dimanche : 09h00 \u2013 21h30<\/li>\n<\/ul>\n<p>*L\u2019acronyme FINTA d\u00e9signe les femmes, les personnes intersexes, non-binaires, trans et agenres. La journ\u00e9e FINTA s\u2019adresse aux personnes qui s\u2019identifient comme telles, c\u2019est-\u00e0-dire \u00e0 toutes celles et ceux qui subissent des discriminations li\u00e9es au patriarcat en raison de leur identit\u00e9 de genre. Les personnes cis-masculines (assign\u00e9es de genre masculin \u00e0 la naissance et s\u2019y identifiant) sont les bienvenues tous les autres jours.  <\/p>\n<h5><span style=\"color: #24a7cf;\"><strong>Infusions<\/strong><\/span><\/h5>\n<p>Rituels d\u2019infusion aux huiles essentielles :<\/p>\n<ul>\n<li>Chaque 2\u00e8me et 4\u00e8me <strong>lundi<\/strong> du mois : \u00e0 12h15, 13h15 et 14h15<\/li>\n<li><strong>Mardi<\/strong> : \u00e0 12h15, 13h15 et 14h15<\/li>\n<li><strong>Jeudi<\/strong> : \u00e0 18h15, 19h15 et 20h15<\/li>\n<li><strong>Dimanche<\/strong> : \u00e0 18h15, 19h15 et 20h15<\/li>\n<\/ul>\n<h5><span style=\"color: #24a7cf;\"><strong>Tarifs<\/strong><\/span><\/h5>\n<p>Entr\u00e9e : <g id=\"gid_0\"><strong>25 CHF<\/strong><\/g><br \/>\nEntr\u00e9e r\u00e9duite (\u00e9tudiants\/CarteCulture\/AVS\/AI) : 15 CHF<\/p>\n<p>   <strong>Abonnement de 10 entr\u00e9es : 225 CHF<\/strong><\/p>\n<p>Possibilit\u00e9 de payer en esp\u00e8ces, par Twint ou par carte.<\/p>\n<h5><span style=\"color: #24a7cf;\"><strong>Bon cadeau<\/strong><\/span><\/h5>\n<p>Pour une entr\u00e9e : <strong>25 CHF<\/strong> (valable jusqu&rsquo;\u00e0 la fin du si\u00e8cle)<br \/>\nDisponible sur place ou au LOLA (Lorraineladen) \u00e0 la <a href=\"https:\/\/www.google.com\/maps\/place\/Lorrainestrasse+23,+3013+Bern\/data=!4m2!3m1!1s0x478e39eb52ef230b:0x2d48c0edc4deb781?sa=X&amp;ved=2ahUKEwiohNio1OvsAhWSyIUKHfxDBaYQ8gEwAHoECAIQAQ\">Lorrainestrasse 23<\/a> et \u00e0 <a href=\"https:\/\/www.google.com\/maps\/place\/Brunnmattstrasse+57,+3007+Bern\/data=!4m2!3m1!1s0x478e39aefe84c6e7:0x738d98de114a36e4?sa=X&amp;ved=2ahUKEwj7sYyQ1OvsAhUiyIUKHVUwCPIQ8gEwAHoECAIQAQ\">la Brunnmattstrasse 57<\/a> &#8211; ou <a href=\"https:\/\/lola.ch\/produkt\/gutschein-sauna-lorraine-1stk\/\">en ligne dans la boutique en ligne du LOLA<\/a>. <\/p>\n<h5><span style=\"color: #24a7cf;\"><strong>Taux d&rsquo;occupation<\/strong><\/span><\/h5>\n<p>Lorsque le sauna Lorrainebad est plein, il est possible qu&rsquo;il y ait un temps d&rsquo;attente avant l&rsquo;entr\u00e9e. Notre site web vous informe sur le taux d&rsquo;occupation actuel &#8211; pour que vous ne vous promeniez pas en vain au bord de l&rsquo;Aar. <\/p>\n<h5><span style=\"color: #24a7cf;\"><strong>Sant\u00e9<\/strong><\/span><\/h5>\n<p>Si vous avez des sympt\u00f4mes de maladie tels qu&rsquo;une forte toux, un rhume ou une grippe, nous vous prions de ne pas venir au sauna. Le sauna est \u00e9galement d\u00e9conseill\u00e9 aux personnes souffrant de troubles chroniques, notamment d\u2019hypertension art\u00e9rielle s\u00e9v\u00e8re, de maladies cardiovasculaires ou de maladies r\u00e9nales. Les personnes* enceintes sont g\u00e9n\u00e9ralement invit\u00e9es \u00e0 \u00e9viter le sauna.   En cas de doute, veuillez vous renseigner aupr\u00e8s de votre m\u00e9decin.<\/p>\n<h5><span style=\"color: #24a7cf;\"><strong>\u00c0 propos<\/strong><\/span><\/h5>\n<p>Aucune r\u00e9servation n&rsquo;est possible. Notre site Internet vous informe sur le taux d&rsquo;occupation actuel du sauna Lorrainebad, afin que vous ne vous d\u00e9placiez pas en vain au bord de l\u2019Aar. <\/p>\n<p>Pas de groupes priv\u00e9s | Nous sommes un sauna public dans un lieu public ; notre activit\u00e9 est donc \u00e9galement publique \u00e0 chaque fois que cela est possible.<\/p>\n","protected":false},"excerpt":{"rendered":"<p>Sauna Sauna public en plein air \u00e0 Berne, dans le Lorrainebad, au bord de l&rsquo;Aar (plan d&rsquo;acc\u00e8s). Espace sauna rustique avec 2 yourtes de sauna (po\u00eale \u00e0 bois), yourte d&rsquo;accueil, de s\u00e9jour et de repos, ainsi que d\u2019autres possibilit\u00e9s de s\u00e9jour et de repos \u00e0 l&rsquo;ext\u00e9rieur, 1 douche d&rsquo;eau chaude, \u2026<\/p>\n","protected":false},"author":2,"featured_media":0,"parent":0,"menu_order":0,"comment_status":"closed","ping_status":"closed","template":"","meta":{"footnotes":""},"class_list":["post-4352","page","type-page","status-publish","hentry"],"_links":{"self":[{"href":"https:\/\/saunalorrainebad.ch\/fr\/wp-json\/wp\/v2\/pages\/4352","targetHints":{"allow":["GET"]}}],"collection":[{"href":"https:\/\/saunalorrainebad.ch\/fr\/wp-json\/wp\/v2\/pages"}],"about":[{"href":"https:\/\/saunalorrainebad.ch\/fr\/wp-json\/wp\/v2\/types\/page"}],"author":[{"embeddable":true,"href":"https:\/\/saunalorrainebad.ch\/fr\/wp-json\/wp\/v2\/users\/2"}],"replies":[{"embeddable":true,"href":"https:\/\/saunalorrainebad.ch\/fr\/wp-json\/wp\/v2\/comments?post=4352"}],"version-history":[{"count":10,"href":"https:\/\/saunalorrainebad.ch\/fr\/wp-json\/wp\/v2\/pages\/4352\/revisions"}],"predecessor-version":[{"id":4977,"href":"https:\/\/saunalorrainebad.ch\/fr\/wp-json\/wp\/v2\/pages\/4352\/revisions\/4977"}],"wp:attachment":[{"href":"https:\/\/saunalorrainebad.ch\/fr\/wp-json\/wp\/v2\/media?parent=4352"}],"curies":[{"name":"wp","href":"https:\/\/api.w.org\/{rel}","templated":true}]}}