{"id":4273,"date":"2025-01-15T15:56:45","date_gmt":"2025-01-15T14:56:45","guid":{"rendered":"https:\/\/saunalorrainebad.ch\/sauna-textile\/"},"modified":"2025-07-07T14:14:01","modified_gmt":"2025-07-07T13:14:01","slug":"sauna-textile","status":"publish","type":"page","link":"https:\/\/saunalorrainebad.ch\/fr\/sauna-textile\/","title":{"rendered":"| sauna textile"},"content":{"rendered":"<p>Pour une fois, nous ouvrons nos portes un mercredi soir avec un programme sp\u00e9cial :<\/p>\n<h5><span style=\"color: #24a7cf;\"><strong>TEXTILSAUNA<\/strong><\/span><\/h5>\n<p><strong>Mercredi soir, 22.1.2025, de 17h00 \u00e0 21h30<\/strong><br \/>\nUne soir\u00e9e avec textile obligatoire. Une occasion de profiter du sauna Lorrainebad pour tous ceux qui souhaitent transpirer en toute d\u00e9contraction parmi des personnes en maillot de bain ou en kilt de sauna. <\/p>\n<p><a href=\"%E2%80%9Chttps:\/\/saunalorrainebad.ch\/flyer\/%E2%80%9C\"><center><img decoding=\"async\" src=\"https:\/\/saunalorrainebad.ch\/wp-content\/uploads\/2025\/01\/Textilsauna_Flyer.png\" height=\"262.47\" width=\"185.58\" alt=\"L'image ne peut pas \u00eatre charg\u00e9e.\"><\/center><\/a><\/p>\n<h5><span style=\"color: #24a7cf;\"><strong>Que signifie l&rsquo;obligation textile ?<\/strong><\/span><\/h5>\n<p>Un sauna textile n&rsquo;est pas fondamentalement diff\u00e9rent d&rsquo;un sauna conventionnel. La seule diff\u00e9rence r\u00e9side dans le code vestimentaire. Comme son nom l&rsquo;indique, on ne transpire pas nu dans un sauna textile, mais en maillot de bain ou en kilt de sauna (serviette de sauna). Le textile est \u00e9galement obligatoire dans le reste de l&rsquo;espace sauna.   <\/p>\n<p>Le sauna est mixte. Pour le reste, rien de chang\u00e9 : <a href=\"https:\/\/saunalorrainebad.ch\/fr\/?page_id=4352\">offre<\/a>. <\/p>\n<h5><span style=\"color: #24a7cf;\"><strong>Exigences en mati\u00e8re de textiles<\/strong><\/span><\/h5>\n<ul>\n<li>Ils cachent les parties intimes (textiles que vous portez par exemple pendant la saison des baignades lorsque vous mangez des frites \u00e0 la buvette de Lorrainebad).<\/li>\n<li>Ils sont frais afin d&rsquo;\u00e9viter les odeurs ind\u00e9sirables.<\/li>\n<li>Ils sont, dans la mesure du possible, exempts de substances synth\u00e9tiques.<\/li>\n<\/ul>\n<h5><span style=\"color: #24a7cf;\"><strong>Il convient \u00e9galement de noter que<\/strong><\/span><\/h5>\n<ul>\n<li>Les textiles correspondants doivent \u00eatre apport\u00e9s par les participants eux-m\u00eames.<\/li>\n<li>M\u00eame avec des v\u00eatements, il faut une serviette dans le sauna &#8211; personne ne veut s&rsquo;asseoir sur un banc de sauna plein de sueur.<\/li>\n<li>Ne vous asseyez pas non plus dans la zone de d\u00e9tente avec des textiles et des serviettes de sauna en sueur sur les si\u00e8ges. Par cons\u00e9quent <\/li>\n<li>Vous devez apporter deux serviettes : une pour le sauna et une pour le salon.<\/li>\n<\/ul>\n<h5><span style=\"color: #24a7cf;\"><strong>Vestiaires<\/strong><\/span><\/h5>\n<ul>\n<li>Outre la garde-robe unisexe pour tous les sexes, il est possible de se changer individuellement.<\/li>\n<\/ul>\n<p>&nbsp;<\/p>\n<h5><span style=\"color: #24a7cf;\"><strong>Nous nous r\u00e9jouissons<\/strong><\/span><\/h5>\n<p>Dans ce cadre, nous sommes heureux de permettre \u00e0 un plus grand nombre de personnes de transpirer en toute d\u00e9contraction dans le sauna Lorrainebad et nous appr\u00e9cions tous vos commentaires.<\/p>\n","protected":false},"excerpt":{"rendered":"<p>Pour une fois, nous ouvrons nos portes un mercredi soir avec un programme sp\u00e9cial : TEXTILSAUNA Mercredi soir, 22.1.2025, de 17h00 \u00e0 21h30 Une soir\u00e9e avec textile obligatoire. Une occasion de profiter du sauna Lorrainebad pour tous ceux qui souhaitent transpirer en toute d\u00e9contraction parmi des personnes en maillot de \u2026<\/p>\n","protected":false},"author":2,"featured_media":0,"parent":0,"menu_order":0,"comment_status":"closed","ping_status":"closed","template":"","meta":{"footnotes":""},"class_list":["post-4273","page","type-page","status-publish","hentry"],"_links":{"self":[{"href":"https:\/\/saunalorrainebad.ch\/fr\/wp-json\/wp\/v2\/pages\/4273","targetHints":{"allow":["GET"]}}],"collection":[{"href":"https:\/\/saunalorrainebad.ch\/fr\/wp-json\/wp\/v2\/pages"}],"about":[{"href":"https:\/\/saunalorrainebad.ch\/fr\/wp-json\/wp\/v2\/types\/page"}],"author":[{"embeddable":true,"href":"https:\/\/saunalorrainebad.ch\/fr\/wp-json\/wp\/v2\/users\/2"}],"replies":[{"embeddable":true,"href":"https:\/\/saunalorrainebad.ch\/fr\/wp-json\/wp\/v2\/comments?post=4273"}],"version-history":[{"count":2,"href":"https:\/\/saunalorrainebad.ch\/fr\/wp-json\/wp\/v2\/pages\/4273\/revisions"}],"predecessor-version":[{"id":4480,"href":"https:\/\/saunalorrainebad.ch\/fr\/wp-json\/wp\/v2\/pages\/4273\/revisions\/4480"}],"wp:attachment":[{"href":"https:\/\/saunalorrainebad.ch\/fr\/wp-json\/wp\/v2\/media?parent=4273"}],"curies":[{"name":"wp","href":"https:\/\/api.w.org\/{rel}","templated":true}]}}