{"id":4248,"date":"2018-09-03T21:33:41","date_gmt":"2018-09-03T20:33:41","guid":{"rendered":"https:\/\/saunalorrainebad.ch\/article-afdn\/"},"modified":"2025-07-07T14:13:47","modified_gmt":"2025-07-07T13:13:47","slug":"article-afdn","status":"publish","type":"page","link":"https:\/\/saunalorrainebad.ch\/fr\/article-afdn\/","title":{"rendered":"Article AfdN"},"content":{"rendered":"<p><center>03.10.2018 | La joie r\u00e8gne : le sauna arrive<br \/>\n<img decoding=\"async\" src=\"https:\/\/saunalorrainebad.ch\/wp-content\/uploads\/2018\/10\/AfdN_Artikel2.png\" alt=\"\"><\/center><br \/>\n<center>15.08.2018 | Le sauna \u00e0 port\u00e9e de main<br \/>\n<img decoding=\"async\" src=\"https:\/\/saunalorrainebad.ch\/wp-content\/uploads\/2018\/09\/AfdN_Artikel.png\" alt=\"\"><\/center><br \/>\n<center>15.08.2018 | Lancement de la deuxi\u00e8me saison de sauna<br \/>\n<img decoding=\"async\" src=\"https:\/\/saunalorrainebad.ch\/wp-content\/uploads\/2019\/11\/sauna_afdn.png\" alt=\"\"><\/center><\/p>\n","protected":false},"excerpt":{"rendered":"<p>03.10.2018 | La joie r\u00e8gne : le sauna arrive 15.08.2018 | Le sauna \u00e0 port\u00e9e de main 15.08.2018 | Lancement de la deuxi\u00e8me saison de sauna<\/p>\n","protected":false},"author":2,"featured_media":0,"parent":0,"menu_order":0,"comment_status":"closed","ping_status":"closed","template":"","meta":{"footnotes":""},"class_list":["post-4248","page","type-page","status-publish","hentry"],"_links":{"self":[{"href":"https:\/\/saunalorrainebad.ch\/fr\/wp-json\/wp\/v2\/pages\/4248","targetHints":{"allow":["GET"]}}],"collection":[{"href":"https:\/\/saunalorrainebad.ch\/fr\/wp-json\/wp\/v2\/pages"}],"about":[{"href":"https:\/\/saunalorrainebad.ch\/fr\/wp-json\/wp\/v2\/types\/page"}],"author":[{"embeddable":true,"href":"https:\/\/saunalorrainebad.ch\/fr\/wp-json\/wp\/v2\/users\/2"}],"replies":[{"embeddable":true,"href":"https:\/\/saunalorrainebad.ch\/fr\/wp-json\/wp\/v2\/comments?post=4248"}],"version-history":[{"count":1,"href":"https:\/\/saunalorrainebad.ch\/fr\/wp-json\/wp\/v2\/pages\/4248\/revisions"}],"predecessor-version":[{"id":4252,"href":"https:\/\/saunalorrainebad.ch\/fr\/wp-json\/wp\/v2\/pages\/4248\/revisions\/4252"}],"wp:attachment":[{"href":"https:\/\/saunalorrainebad.ch\/fr\/wp-json\/wp\/v2\/media?parent=4248"}],"curies":[{"name":"wp","href":"https:\/\/api.w.org\/{rel}","templated":true}]}}