{"id":4241,"date":"2017-11-20T19:32:03","date_gmt":"2017-11-20T18:32:03","guid":{"rendered":"https:\/\/saunalorrainebad.ch\/arrivee\/"},"modified":"2026-04-03T11:54:04","modified_gmt":"2026-04-03T10:54:04","slug":"arrivee","status":"publish","type":"page","link":"https:\/\/saunalorrainebad.ch\/fr\/arrivee\/","title":{"rendered":"Arriv\u00e9e"},"content":{"rendered":"<h5><span style=\"color: #24a7cf;\"><strong>\u00e0 pied<\/strong><\/span><\/h5>\n<ul>\n<li>Depuis l&rsquo;arr\u00eat de bus Lorraine, il s&rsquo;agit d&rsquo;une promenade d\u00e9tendue de 10 minutes \u00e0 l&rsquo;air frais de l&rsquo;hiver : au passage pi\u00e9ton, prenez la Quartiergasse. \u00c0 l&rsquo;autre bout, traversez la Lorrainestrasse et suivez la Schmiedgasse jusqu&rsquo;\u00e0 ce qu&rsquo;elle d\u00e9bouche sur la Jurastrasse. \u00c0 partir de l\u00e0, vous descendez et apr\u00e8s quelques m\u00e8tres, un chemin pi\u00e9tonnier vous conduit vers l&rsquo;Aar (suivre les panneaux), passe sous le viaduc ferroviaire et vous am\u00e8ne aux bains de la Lorraine.<\/li>\n<li>Ou via le chemin de rive jusqu&rsquo;\u00e0 Lorrainebad : \u00e0 partir d&rsquo;Altenberg, vous <strong>descendez <\/strong>le fleuve, \u00e0 partir du barrage d&rsquo;Engehalde, vous le <strong>remontez<\/strong>.<\/li>\n<li><strong>Attention !<\/strong> Les chemins pi\u00e9tonniers publics menant aux bains de la Lorraine ne sont pas \u00e9clair\u00e9s la nuit.<\/li>\n<\/ul>\n<h5><span style=\"color: #24a7cf;\"><strong>\u00e0 v\u00e9lo<\/strong><\/span><\/h5>\n<p>Des places de stationnement pour v\u00e9los sont disponibles :<\/p>\n<ul>\n<li>\u00e0 la rue du Jura<\/li>\n<li>\u00e0 l&rsquo;entr\u00e9e nord de Lorrainebad<\/li>\n<li>Acc\u00e8s par le chemin de la rive : veuillez respecter l&rsquo;interdiction de circuler sur les tron\u00e7ons concern\u00e9s.<\/li>\n<\/ul>\n<h5><span style=\"color: #24a7cf;\"><strong>par les transports publics<\/strong><\/span><\/h5>\n<p>Bus n\u00b0 20 depuis la gare de Berne en direction de Wankdorf jusqu&rsquo;\u00e0 l&rsquo;arr\u00eat \u00ab\u00a0Lorraine\u00a0\u00bb. De l\u00e0, \u00e0 pied.<\/p>\n<h5><span style=\"color: #24a7cf;\"><strong>en voiture<\/strong><\/span><\/h5>\n<p>En ville, ce n&rsquo;est pas optimal. Si vous ne pouvez pas faire autrement, veuillez utiliser le parking payant du K\u00e4nzeli (\u00e0 l&rsquo;extr\u00e9mit\u00e9 Est du pont de Lorraine). De l\u00e0, descendez les escaliers jusqu&rsquo;au chemin de rive et suivez le chemin de rive sur 500 m en <strong>aval<\/strong>.<\/p>\n<div id=\"wpgmza_map\" class=\"wpgmza_map\" data-settings='{\"id\":\"1\",\"map_title\":\"Sauna Lorrainebad\",\"map_width\":\"100\",\"map_height\":\"400\",\"map_start_lat\":\"46.957125\",\"map_start_lng\":\"7.443037\",\"map_start_location\":\"46.957124713185074,7.44303673016363\",\"map_start_zoom\":\"15\",\"default_marker\":\"0\",\"type\":\"1\",\"alignment\":\"1\",\"directions_enabled\":\"1\",\"styling_enabled\":\"0\",\"styling_json\":\"\",\"active\":\"0\",\"kml\":\"\",\"bicycle\":\"0\",\"traffic\":\"0\",\"dbox\":\"1\",\"dbox_width\":\"100\",\"listmarkers\":\"0\",\"listmarkers_advanced\":\"0\",\"filterbycat\":\"0\",\"ugm_enabled\":\"0\",\"ugm_category_enabled\":\"0\",\"fusion\":\"\",\"map_width_type\":\"\\\\%\",\"map_height_type\":\"px\",\"mass_marker_support\":\"1\",\"ugm_access\":\"0\",\"order_markers_by\":\"1\",\"order_markers_choice\":\"2\",\"show_user_location\":\"0\",\"default_to\":\"\",\"other_settings\":{\"store_locator_enabled\":2,\"store_locator_distance\":2,\"store_locator_default_radius\":\"10\",\"store_locator_not_found_message\":\"No results found in this location. Please try again.\",\"store_locator_bounce\":1,\"store_locator_query_string\":\"PLZ \\\/ Adresse:\",\"store_locator_default_address\":\"\",\"wpgmza_store_locator_restrict\":\"\",\"map_max_zoom\":\"1\",\"transport_layer\":0,\"wpgmza_theme_data\":\"\",\"wpgmza_show_points_of_interest\":1}}' data-map-id='1' Data-maps-engine='' data-shortcode-attributes='{\"id\":\"1\"}' style=\"display:block; overflow:auto; width:100%; height:400px; float:left;\"><\/div>\n","protected":false},"excerpt":{"rendered":"<p>\u00e0 pied Depuis l&rsquo;arr\u00eat de bus Lorraine, il s&rsquo;agit d&rsquo;une promenade d\u00e9tendue de 10 minutes \u00e0 l&rsquo;air frais de l&rsquo;hiver : au passage pi\u00e9ton, prenez la Quartiergasse. \u00c0 l&rsquo;autre bout, traversez la Lorrainestrasse et suivez la Schmiedgasse jusqu&rsquo;\u00e0 ce qu&rsquo;elle d\u00e9bouche sur la Jurastrasse. \u00c0 partir de l\u00e0, vous descendez \u2026<\/p>\n","protected":false},"author":2,"featured_media":0,"parent":0,"menu_order":0,"comment_status":"closed","ping_status":"closed","template":"","meta":{"footnotes":""},"class_list":["post-4241","page","type-page","status-publish","hentry"],"_links":{"self":[{"href":"https:\/\/saunalorrainebad.ch\/fr\/wp-json\/wp\/v2\/pages\/4241","targetHints":{"allow":["GET"]}}],"collection":[{"href":"https:\/\/saunalorrainebad.ch\/fr\/wp-json\/wp\/v2\/pages"}],"about":[{"href":"https:\/\/saunalorrainebad.ch\/fr\/wp-json\/wp\/v2\/types\/page"}],"author":[{"embeddable":true,"href":"https:\/\/saunalorrainebad.ch\/fr\/wp-json\/wp\/v2\/users\/2"}],"replies":[{"embeddable":true,"href":"https:\/\/saunalorrainebad.ch\/fr\/wp-json\/wp\/v2\/comments?post=4241"}],"version-history":[{"count":4,"href":"https:\/\/saunalorrainebad.ch\/fr\/wp-json\/wp\/v2\/pages\/4241\/revisions"}],"predecessor-version":[{"id":4979,"href":"https:\/\/saunalorrainebad.ch\/fr\/wp-json\/wp\/v2\/pages\/4241\/revisions\/4979"}],"wp:attachment":[{"href":"https:\/\/saunalorrainebad.ch\/fr\/wp-json\/wp\/v2\/media?parent=4241"}],"curies":[{"name":"wp","href":"https:\/\/api.w.org\/{rel}","templated":true}]}}