{"id":4373,"date":"2017-11-17T01:11:17","date_gmt":"2017-11-17T00:11:17","guid":{"rendered":"https:\/\/saunalorrainebad.ch\/arvot\/"},"modified":"2026-04-03T10:59:49","modified_gmt":"2026-04-03T09:59:49","slug":"arvot","status":"publish","type":"page","link":"https:\/\/saunalorrainebad.ch\/fi\/arvot\/","title":{"rendered":"Arvot"},"content":{"rendered":"<p>Lorrainebadin saunassa kohtaavat l\u00e4mp\u00f6, Aare-joki ja ihmiset. Yhdistyksen\u00e4 juhlimme yhteis\u00f6llisi\u00e4 ja luonnollisia saunoja. Haluamme paikan, jossa kaikki tuntevat olevansa tervetulleita ja kohtelevat toisiaan kunnioittavasti &#8211; n\u00e4in haluamme jakaa ja kokea saunamme kanssasi.<br \/>\n&nbsp;<\/p>\n<h5><span style=\"color: #24a7cf;\">Olemme klubi<\/span><\/h5>\n<p>Sauna Lorrainebadia yll\u00e4pit\u00e4\u00e4 Sauna Lorrainebad -yhdistys. Se on sitoutunut saunakulttuuriin Aare-joen rannalla ja on paikka, jossa voi rentoutua ja seurustella peruskirjamme arvojen mukaisesti: <\/p>\n<blockquote><p>Lorrainebadin saunassa voit rentoutua ja seurustella. Se on avoin kaikille ihmisille. Haluamme olla paikka, jossa ei esiinny mink\u00e4\u00e4nlaista syrjint\u00e4\u00e4, ja odotamme k\u00e4vij\u00f6ilt\u00e4mme kunnioittavaa ja huomaavaista k\u00e4yt\u00f6st\u00e4 muita k\u00e4vij\u00f6it\u00e4 ja saunamaailmaa kohtaan. Jos tunnet olosi ep\u00e4mukavaksi tai havaitset jotain, mik\u00e4 on ristiriidassa t\u00e4m\u00e4n l\u00e4ht\u00f6kohdan kanssa, ota yhteytt\u00e4 Sauna Lorrainebadin tiimiin.<br \/>\nEdustamme luonnonl\u00e4heist\u00e4 ja yhteis\u00f6llist\u00e4 saunakokemusta ja panostamme kest\u00e4v\u00e4\u00e4n kehitykseen ja alueelliseen lis\u00e4arvoon &#8211; Snickersi\u00e4 lukuun ottamatta.<br \/>\nNauti saunomisesta<br \/>\nSauna Lorrainebadin tiimisi.   <\/p><\/blockquote>\n<p>&nbsp;<\/p>\n<p>Sauna Lorrainebad -yhdistykseen kuuluu t\u00e4ll\u00e4 hetkell\u00e4 30 ihmist\u00e4, jotka ovat innokkaasti sitoutuneet tarjoamaan saunoja kaikille rakastetun Aare-joen varrella. (Kuva ei ole t\u00e4ydellinen)<br \/>\n<center><img decoding=\"async\" src=\"https:\/\/saunalorrainebad.ch\/wp-content\/uploads\/2026\/02\/Sauna_Crew_25-scaled.png\" alt=\"Yhdistyksen v\u00e4ki Lorrainebadin saunassa\"><\/p>\n<p><\/center><br \/>\n&nbsp;<\/p>\n<h5><span style=\"color: #24a7cf;\">Tukesi<\/span><\/h5>\n<p>Tue meit\u00e4 <strong>vieraana<\/strong>, nauti <a href=\"https:\/\/saunalorrainebad.ch\/fi\/tarjous\/\">tarjonnastamme <\/a>ja auta varmistamaan, ett\u00e4 Lorrainebadin sauna s\u00e4ilyy viel\u00e4 pitk\u00e4\u00e4n. Kiitos paljon!<br \/>\n&nbsp;<\/p>\n<h5><span style=\"color: #24a7cf;\">Tilin tiedot<\/span><\/h5>\n<p>Tilitiedot | IBAN CH20 0900 0000 6114 3918 9, Sauna Lorrainebad, 3013 Bern.<\/center><br \/>\n&nbsp;<\/p>\n<h5><span style=\"color: #24a7cf;\">Intranet<\/span><\/h5>\n<p><a href=\"https:\/\/saunalorrainebad.ch\/fi\/intranet\/\">Sis\u00e4iselle alueelle (suojattu salasanalla)<\/a>.<\/p>\n","protected":false},"excerpt":{"rendered":"<p>Lorrainebadin saunassa kohtaavat l\u00e4mp\u00f6, Aare-joki ja ihmiset. Yhdistyksen\u00e4 juhlimme yhteis\u00f6llisi\u00e4 ja luonnollisia saunoja. Haluamme paikan, jossa kaikki tuntevat olevansa tervetulleita ja kohtelevat toisiaan kunnioittavasti &#8211; n\u00e4in haluamme jakaa ja kokea saunamme kanssasi. &nbsp; Olemme klubi Sauna Lorrainebadia yll\u00e4pit\u00e4\u00e4 Sauna Lorrainebad -yhdistys. Se on sitoutunut saunakulttuuriin Aare-joen rannalla ja on paikka, \u2026<\/p>\n","protected":false},"author":2,"featured_media":0,"parent":0,"menu_order":0,"comment_status":"closed","ping_status":"closed","template":"","meta":{"footnotes":""},"class_list":["post-4373","page","type-page","status-publish","hentry"],"_links":{"self":[{"href":"https:\/\/saunalorrainebad.ch\/fi\/wp-json\/wp\/v2\/pages\/4373","targetHints":{"allow":["GET"]}}],"collection":[{"href":"https:\/\/saunalorrainebad.ch\/fi\/wp-json\/wp\/v2\/pages"}],"about":[{"href":"https:\/\/saunalorrainebad.ch\/fi\/wp-json\/wp\/v2\/types\/page"}],"author":[{"embeddable":true,"href":"https:\/\/saunalorrainebad.ch\/fi\/wp-json\/wp\/v2\/users\/2"}],"replies":[{"embeddable":true,"href":"https:\/\/saunalorrainebad.ch\/fi\/wp-json\/wp\/v2\/comments?post=4373"}],"version-history":[{"count":3,"href":"https:\/\/saunalorrainebad.ch\/fi\/wp-json\/wp\/v2\/pages\/4373\/revisions"}],"predecessor-version":[{"id":4973,"href":"https:\/\/saunalorrainebad.ch\/fi\/wp-json\/wp\/v2\/pages\/4373\/revisions\/4973"}],"wp:attachment":[{"href":"https:\/\/saunalorrainebad.ch\/fi\/wp-json\/wp\/v2\/media?parent=4373"}],"curies":[{"name":"wp","href":"https:\/\/api.w.org\/{rel}","templated":true}]}}