{"id":4291,"date":"2021-12-31T10:05:52","date_gmt":"2021-12-31T09:05:52","guid":{"rendered":"https:\/\/saunalorrainebad.ch\/jaelki\/"},"modified":"2025-12-10T13:07:24","modified_gmt":"2025-12-10T12:07:24","slug":"jaelki","status":"publish","type":"page","link":"https:\/\/saunalorrainebad.ch\/fi\/jaelki\/","title":{"rendered":"J\u00e4lki"},"content":{"rendered":"<p>Verein Lorrainebad Sauna<br \/>\nc\/o J. Baumann<br \/>\nSandrainstrasse 83<br \/>\n3007 Bern<\/p>\n<p><a href=\"mailto:info@saunalorrainebad.ch\">info(a)saunalorrainebad.ch<\/a><\/p>\n<p>CHE-390.463.410<\/p>\n<h5><span style=\"color: #24a7cf;\">Tukesi<\/span><\/h5>\n<p>Tue meit\u00e4 <strong>vieraana<\/strong>, nauti <a href=\"https:\/\/saunalorrainebad.ch\/fi\/tarjous\/\">tarjonnastamme <\/a>ja auta varmistamaan, ett\u00e4 Lorrainebadin sauna s\u00e4ilyy viel\u00e4 pitk\u00e4\u00e4n. Kiitos paljon!<br \/>\nTilitiedot | IBAN CH20 0900 0000 6114 3918 9, Sauna Lorrainebad, 3013 Bern.<\/p>\n<h5><span style=\"color: #24a7cf;\"><strong>Vastuuvapauslauseke<\/strong><\/span><\/h5>\n<p>Kirjoittaja ei ota mink\u00e4\u00e4nlaista vastuuta tietojen oikeellisuudesta, tarkkuudesta, ajantasaisuudesta, luotettavuudesta ja t\u00e4ydellisyydest\u00e4.<br \/>\nTekij\u00e4\u00e4n kohdistuvat korvausvaatimukset aineellisista tai aineettomista vahingoista, jotka johtuvat p\u00e4\u00e4syst\u00e4 julkaistuun tietoon tai sen k\u00e4yt\u00f6st\u00e4 tai k\u00e4ytt\u00e4m\u00e4tt\u00e4 j\u00e4tt\u00e4misest\u00e4, yhteyden v\u00e4\u00e4rink\u00e4yt\u00f6st\u00e4 tai teknisist\u00e4 vioista, on suljettu pois. Kaikki tarjoukset ovat sitomattomia. Tekij\u00e4 pid\u00e4tt\u00e4\u00e4 nimenomaisesti oikeuden muuttaa, t\u00e4ydent\u00e4\u00e4 tai poistaa osia sivuista tai koko tarjouksen ilman ennakkoilmoitusta tai lopettaa julkaisemisen v\u00e4liaikaisesti tai pysyv\u00e4sti.  <\/p>\n<h5><span style=\"color: #24a7cf;\"><strong>Linkkien vastuu<\/strong><\/span><\/h5>\n<p>Viittaukset ja linkit kolmansien osapuolten verkkosivustoille eiv\u00e4t kuulu vastuualueeseemme. Vastuu t\u00e4llaisista verkkosivustoista on hyl\u00e4tty. P\u00e4\u00e4sy ja k\u00e4ytt\u00f6 t\u00e4llaisille verkkosivustoille tapahtuu k\u00e4ytt\u00e4j\u00e4n omalla vastuulla.  <\/p>\n<h5><span style=\"color: #24a7cf;\"><strong>Vastuu kolmannen osapuolen sis\u00e4ll\u00f6st\u00e4<\/strong><\/span><\/h5>\n<p>Kirjoittaja ei ota vastuuta tai ole vastuussa kolmansien osapuolten sosiaalisessa mediassa tai muilla alustoilla julkaisemasta ja Sauna Lorrainebadiin liittyv\u00e4st\u00e4 sis\u00e4ll\u00f6st\u00e4. T\u00e4m\u00e4 koskee erityisesti, mutta ei yksinomaan, Sauna Lorrainebadin tiloissa luotua kuvamateriaalia. <\/p>\n<h5><span style=\"color: #24a7cf;\"><strong>Tekij\u00e4noikeudet<\/strong><\/span><\/h5>\n<p>Tekij\u00e4noikeudet ja kaikki muut oikeudet verkkosivuston sis\u00e4lt\u00f6\u00f6n, kuviin, valokuviin tai muihin tiedostoihin kuuluvat yksinomaan Sauna Lorrainebad ry:lle tai erikseen mainituille oikeudenhaltijoille. Kaikkien elementtien j\u00e4ljent\u00e4miseen on saatava etuk\u00e4teen tekij\u00e4noikeuden haltijan kirjallinen suostumus. <\/p>\n","protected":false},"excerpt":{"rendered":"<p>Verein Lorrainebad Sauna c\/o J. Baumann Sandrainstrasse 83 3007 Bern info(a)saunalorrainebad.ch CHE-390.463.410 Tukesi Tue meit\u00e4 vieraana, nauti tarjonnastamme ja auta varmistamaan, ett\u00e4 Lorrainebadin sauna s\u00e4ilyy viel\u00e4 pitk\u00e4\u00e4n. Kiitos paljon! Tilitiedot | IBAN CH20 0900 0000 6114 3918 9, Sauna Lorrainebad, 3013 Bern. Vastuuvapauslauseke Kirjoittaja ei ota mink\u00e4\u00e4nlaista vastuuta tietojen oikeellisuudesta, \u2026<\/p>\n","protected":false},"author":2,"featured_media":0,"parent":0,"menu_order":0,"comment_status":"closed","ping_status":"closed","template":"","meta":{"footnotes":""},"class_list":["post-4291","page","type-page","status-publish","hentry"],"_links":{"self":[{"href":"https:\/\/saunalorrainebad.ch\/fi\/wp-json\/wp\/v2\/pages\/4291","targetHints":{"allow":["GET"]}}],"collection":[{"href":"https:\/\/saunalorrainebad.ch\/fi\/wp-json\/wp\/v2\/pages"}],"about":[{"href":"https:\/\/saunalorrainebad.ch\/fi\/wp-json\/wp\/v2\/types\/page"}],"author":[{"embeddable":true,"href":"https:\/\/saunalorrainebad.ch\/fi\/wp-json\/wp\/v2\/users\/2"}],"replies":[{"embeddable":true,"href":"https:\/\/saunalorrainebad.ch\/fi\/wp-json\/wp\/v2\/comments?post=4291"}],"version-history":[{"count":4,"href":"https:\/\/saunalorrainebad.ch\/fi\/wp-json\/wp\/v2\/pages\/4291\/revisions"}],"predecessor-version":[{"id":4841,"href":"https:\/\/saunalorrainebad.ch\/fi\/wp-json\/wp\/v2\/pages\/4291\/revisions\/4841"}],"wp:attachment":[{"href":"https:\/\/saunalorrainebad.ch\/fi\/wp-json\/wp\/v2\/media?parent=4291"}],"curies":[{"name":"wp","href":"https:\/\/api.w.org\/{rel}","templated":true}]}}