{"id":4278,"date":"2025-01-15T15:56:45","date_gmt":"2025-01-15T14:56:45","guid":{"rendered":"https:\/\/saunalorrainebad.ch\/tekstiilisauna\/"},"modified":"2025-07-07T14:14:17","modified_gmt":"2025-07-07T13:14:17","slug":"tekstiilisauna","status":"publish","type":"page","link":"https:\/\/saunalorrainebad.ch\/fi\/tekstiilisauna\/","title":{"rendered":"| Tekstiilisauna"},"content":{"rendered":"<p>Kerrankin avaamme ovet keskiviikkoiltana ja tarjoamme erikoisohjelmaa:<\/p>\n<h5><span style=\"color: #24a7cf;\"><strong>TEKSTIILINEN SAUNA<\/strong><\/span><\/h5>\n<p><strong>Keskiviikkoilta, 22.1.2025, klo 17.00 &#8211; 21.30<\/strong><br \/>\nIlta, jossa on pukeutumispakko. Mahdollisuus nauttia Lorrainebadin saunasta kaikille niille, jotka haluavat hikoilla rennossa ilmapiiriss\u00e4 uimapukuisten ja saunakilttien ihmisten keskell\u00e4. <\/p>\n<p><a href=\"%E2%80%9Chttps:\/\/saunalorrainebad.ch\/flyer\/%E2%80%9C\"><center><img decoding=\"async\" src=\"https:\/\/saunalorrainebad.ch\/wp-content\/uploads\/2025\/01\/Textilsauna_Flyer.png\" height=\"262.47\" width=\"185.58\" alt=\"Kuvaa ei voida ladata.\"><\/center><\/a><\/p>\n<h5><span style=\"color: #24a7cf;\"><strong>Mit\u00e4 pakolliset tekstiilit tarkoittavat?<\/strong><\/span><\/h5>\n<p>Tekstiilisauna ei periaatteessa eroa perinteisest\u00e4 saunasta. Ainoa ero on pukeutumiskoodi. Kuten nimest\u00e4 voi p\u00e4\u00e4tell\u00e4, tekstiilisaunassa ei hikoilla alasti, vaan uimapuvuissa tai saunakilteiss\u00e4 (saunapyyhkeet). Tekstiilit ovat pakolliset my\u00f6s muualla saunan alueella.   <\/p>\n<p>Sauna on sekasukupuolinen. Kaikki muu kuten tavallista: <a href=\"https:\/\/saunalorrainebad.ch\/fi\/?page_id=4358\">tarjous<\/a>. <\/p>\n<h5><span style=\"color: #24a7cf;\"><strong>Tekstiilej\u00e4 koskevat vaatimukset<\/strong><\/span><\/h5>\n<ul>\n<li>Ne peitt\u00e4v\u00e4t sukupuolielinten alueen (tekstiilit, jollaisia k\u00e4ytet\u00e4\u00e4n sy\u00f6dess\u00e4si sipsej\u00e4 Lorrainebad Buvette -ravintolassa uimakauden aikana).<\/li>\n<li>Ne ovat tuoreita, joten niiss\u00e4 ei ole ei-toivottuja hajuja.<\/li>\n<li>Ne ovat mahdollisimman vapaita synteettisist\u00e4 aineista.<\/li>\n<\/ul>\n<h5><span style=\"color: #24a7cf;\"><strong>Lis\u00e4ksi on huomattava seuraavat seikat<\/strong><\/span><\/h5>\n<ul>\n<li>Ota mukaan omat tekstiilit.<\/li>\n<li>Pyyhett\u00e4 tarvitaan saunassa my\u00f6s vaatteet p\u00e4\u00e4ll\u00e4 &#8211; eih\u00e4n kukaan halua istua hikisell\u00e4 saunanpenkill\u00e4.<\/li>\n<li>\u00c4l\u00e4 istu oleskelualueen istuimilla, joissa on hikisi\u00e4 tekstiilej\u00e4 ja saunapyyhkeit\u00e4. Siksi: <\/li>\n<li>Ota mukaan 2 pyyhett\u00e4: yksi saunaan ja yksi oleskelutilaan.<\/li>\n<\/ul>\n<h5><span style=\"color: #24a7cf;\"><strong>Pukuhuoneet<\/strong><\/span><\/h5>\n<ul>\n<li>Kaikille sukupuolille tarkoitetun unisex-vaatekaapin lis\u00e4ksi on my\u00f6s mahdollisuus vaihtaa vaatteita yksil\u00f6llisesti.<\/li>\n<\/ul>\n<p>&nbsp;<\/p>\n<h5><span style=\"color: #24a7cf;\"><strong>Olemme tyytyv\u00e4isi\u00e4<\/strong><\/span><\/h5>\n<p>Odotamme innolla, ett\u00e4 yh\u00e4 useammat ihmiset p\u00e4\u00e4sev\u00e4t nauttimaan rentouttavasta hikoilusta Lorrainebadin saunassa, ja olemme kiitollisia kaikesta palautteesta.<\/p>\n","protected":false},"excerpt":{"rendered":"<p>Kerrankin avaamme ovet keskiviikkoiltana ja tarjoamme erikoisohjelmaa: TEKSTIILINEN SAUNA Keskiviikkoilta, 22.1.2025, klo 17.00 &#8211; 21.30 Ilta, jossa on pukeutumispakko. Mahdollisuus nauttia Lorrainebadin saunasta kaikille niille, jotka haluavat hikoilla rennossa ilmapiiriss\u00e4 uimapukuisten ja saunakilttien ihmisten keskell\u00e4. Mit\u00e4 pakolliset tekstiilit tarkoittavat? Tekstiilisauna ei periaatteessa eroa perinteisest\u00e4 saunasta. Ainoa ero on pukeutumiskoodi. Kuten \u2026<\/p>\n","protected":false},"author":2,"featured_media":0,"parent":0,"menu_order":0,"comment_status":"closed","ping_status":"closed","template":"","meta":{"footnotes":""},"class_list":["post-4278","page","type-page","status-publish","hentry"],"_links":{"self":[{"href":"https:\/\/saunalorrainebad.ch\/fi\/wp-json\/wp\/v2\/pages\/4278","targetHints":{"allow":["GET"]}}],"collection":[{"href":"https:\/\/saunalorrainebad.ch\/fi\/wp-json\/wp\/v2\/pages"}],"about":[{"href":"https:\/\/saunalorrainebad.ch\/fi\/wp-json\/wp\/v2\/types\/page"}],"author":[{"embeddable":true,"href":"https:\/\/saunalorrainebad.ch\/fi\/wp-json\/wp\/v2\/users\/2"}],"replies":[{"embeddable":true,"href":"https:\/\/saunalorrainebad.ch\/fi\/wp-json\/wp\/v2\/comments?post=4278"}],"version-history":[{"count":2,"href":"https:\/\/saunalorrainebad.ch\/fi\/wp-json\/wp\/v2\/pages\/4278\/revisions"}],"predecessor-version":[{"id":4500,"href":"https:\/\/saunalorrainebad.ch\/fi\/wp-json\/wp\/v2\/pages\/4278\/revisions\/4500"}],"wp:attachment":[{"href":"https:\/\/saunalorrainebad.ch\/fi\/wp-json\/wp\/v2\/media?parent=4278"}],"curies":[{"name":"wp","href":"https:\/\/api.w.org\/{rel}","templated":true}]}}