{"id":4247,"date":"2017-11-20T19:32:03","date_gmt":"2017-11-20T18:32:03","guid":{"rendered":"https:\/\/saunalorrainebad.ch\/matka\/"},"modified":"2025-07-07T14:14:02","modified_gmt":"2025-07-07T13:14:02","slug":"matka","status":"publish","type":"page","link":"https:\/\/saunalorrainebad.ch\/fi\/matka\/","title":{"rendered":"Matka"},"content":{"rendered":"<h5><span style=\"color: #24a7cf;\"><strong>jalkaisin<\/strong><\/span><\/h5>\n<ul>\n<li>Lorrainen bussipys\u00e4kilt\u00e4 on 10 minuutin rento k\u00e4velymatka raikkaassa talvi-ilmassa: k\u00e4\u00e4nny Quartiergasselle seepra-risteyksest\u00e4. Ylit\u00e4 Lorrainestrasse ja seuraa Schmiedgassea, kunnes se yhtyy Jurastrasseen. T\u00e4st\u00e4 se laskeutuu alasp\u00e4in, ja muutaman metrin kuluttua polku johtaa alavirtaan (seuraa opasteita), rautatieviaduktin ali ja Lorrainebadiin.  <\/li>\n<li>Tai Lorrainebadiin johtavan rantapolun kautta: Altenbergist\u00e4 <strong>alavirtaan<\/strong>, Engehalden padolta <strong>yl\u00e4virtaan<\/strong>.<\/li>\n<li><strong>Huomio!<\/strong>  Lorrainebadiin johtavia yleisi\u00e4 k\u00e4velyreittej\u00e4 ei valaista y\u00f6ll\u00e4.<\/li>\n<\/ul>\n<h5><span style=\"color: #24a7cf;\"><strong>py\u00f6r\u00e4ll\u00e4<\/strong><\/span><\/h5>\n<p>Polkupy\u00f6r\u00e4paikkoja on saatavilla:<\/p>\n<ul>\n<li>Jurastrassen varrella<\/li>\n<li>Lorrainebadin pohjoisen sis\u00e4\u00e4nk\u00e4ynnin kohdalla.<\/li>\n<li>Kulku joenvarren polun kautta: Huomioi ajokielto kyseisill\u00e4 osuuksilla.<\/li>\n<\/ul>\n<h5><span style=\"color: #24a7cf;\"><strong>julkisilla liikennev\u00e4lineill\u00e4<\/strong><\/span><\/h5>\n<p>Bussi nro 20 Bernin rautatieasemalta Wankdorfin suuntaan pys\u00e4kille &#8221;Lorraine&#8221;. Sielt\u00e4 k\u00e4vellen. <\/p>\n<h5><span style=\"color: #24a7cf;\"><strong>autolla<\/strong><\/span><\/h5>\n<p>Kaupungissa melko suboptimaalinen. Jos muuta vaihtoehtoa ei ole, k\u00e4yt\u00e4 (maksullista) parkkipaikkaa K\u00e4nzeliss\u00e4 (Lorrainen sillan it\u00e4isell\u00e4 siltap\u00e4\u00e4llysteell\u00e4). Sielt\u00e4 laskeudu portaita alas rantapolulle ja seuraa rantapolkua 500 metri\u00e4 <strong>alavirtaan<\/strong>.  <\/p>\n<div id=\"wpgmza_map\" class=\"wpgmza_map\" data-settings='{\"id\":\"1\",\"map_title\":\"Sauna Lorrainebad\",\"map_width\":\"100\",\"map_height\":\"400\",\"map_start_lat\":\"46.957125\",\"map_start_lng\":\"7.443037\",\"map_start_location\":\"46.957124713185074,7.44303673016363\",\"map_start_zoom\":\"15\",\"default_marker\":\"0\",\"type\":\"1\",\"alignment\":\"1\",\"directions_enabled\":\"1\",\"styling_enabled\":\"0\",\"styling_json\":\"\",\"active\":\"0\",\"kml\":\"\",\"bicycle\":\"0\",\"traffic\":\"0\",\"dbox\":\"1\",\"dbox_width\":\"100\",\"listmarkers\":\"0\",\"listmarkers_advanced\":\"0\",\"filterbycat\":\"0\",\"ugm_enabled\":\"0\",\"ugm_category_enabled\":\"0\",\"fusion\":\"\",\"map_width_type\":\"\\\\%\",\"map_height_type\":\"px\",\"mass_marker_support\":\"1\",\"ugm_access\":\"0\",\"order_markers_by\":\"1\",\"order_markers_choice\":\"2\",\"show_user_location\":\"0\",\"default_to\":\"\",\"other_settings\":{\"store_locator_enabled\":2,\"store_locator_distance\":2,\"store_locator_default_radius\":\"10\",\"store_locator_not_found_message\":\"No results found in this location. Please try again.\",\"store_locator_bounce\":1,\"store_locator_query_string\":\"PLZ \\\/ Adresse:\",\"store_locator_default_address\":\"\",\"wpgmza_store_locator_restrict\":\"\",\"map_max_zoom\":\"1\",\"transport_layer\":0,\"wpgmza_theme_data\":\"\",\"wpgmza_show_points_of_interest\":1}}' data-map-id='1' Data-maps-engine='' data-shortcode-attributes='{\"id\":\"1\"}' style=\"display:block; overflow:auto; width:100%; height:400px; float:left;\"><\/div>\n","protected":false},"excerpt":{"rendered":"<p>jalkaisin Lorrainen bussipys\u00e4kilt\u00e4 on 10 minuutin rento k\u00e4velymatka raikkaassa talvi-ilmassa: k\u00e4\u00e4nny Quartiergasselle seepra-risteyksest\u00e4. Ylit\u00e4 Lorrainestrasse ja seuraa Schmiedgassea, kunnes se yhtyy Jurastrasseen. T\u00e4st\u00e4 se laskeutuu alasp\u00e4in, ja muutaman metrin kuluttua polku johtaa alavirtaan (seuraa opasteita), rautatieviaduktin ali ja Lorrainebadiin. Tai Lorrainebadiin johtavan rantapolun kautta: Altenbergist\u00e4 alavirtaan, Engehalden padolta yl\u00e4virtaan. Huomio! \u2026<\/p>\n","protected":false},"author":2,"featured_media":0,"parent":0,"menu_order":0,"comment_status":"closed","ping_status":"closed","template":"","meta":{"footnotes":""},"class_list":["post-4247","page","type-page","status-publish","hentry"],"_links":{"self":[{"href":"https:\/\/saunalorrainebad.ch\/fi\/wp-json\/wp\/v2\/pages\/4247","targetHints":{"allow":["GET"]}}],"collection":[{"href":"https:\/\/saunalorrainebad.ch\/fi\/wp-json\/wp\/v2\/pages"}],"about":[{"href":"https:\/\/saunalorrainebad.ch\/fi\/wp-json\/wp\/v2\/types\/page"}],"author":[{"embeddable":true,"href":"https:\/\/saunalorrainebad.ch\/fi\/wp-json\/wp\/v2\/users\/2"}],"replies":[{"embeddable":true,"href":"https:\/\/saunalorrainebad.ch\/fi\/wp-json\/wp\/v2\/comments?post=4247"}],"version-history":[{"count":2,"href":"https:\/\/saunalorrainebad.ch\/fi\/wp-json\/wp\/v2\/pages\/4247\/revisions"}],"predecessor-version":[{"id":4481,"href":"https:\/\/saunalorrainebad.ch\/fi\/wp-json\/wp\/v2\/pages\/4247\/revisions\/4481"}],"wp:attachment":[{"href":"https:\/\/saunalorrainebad.ch\/fi\/wp-json\/wp\/v2\/media?parent=4247"}],"curies":[{"name":"wp","href":"https:\/\/api.w.org\/{rel}","templated":true}]}}